{"id":109,"date":"2024-03-10T16:56:52","date_gmt":"2024-03-10T15:56:52","guid":{"rendered":"https:\/\/euro-max.eu\/?page_id=109"},"modified":"2024-04-02T15:33:29","modified_gmt":"2024-04-02T13:33:29","slug":"autoholowanie","status":"publish","type":"page","link":"https:\/\/euro-max.eu\/?page_id=109","title":{"rendered":"AUTOLAWETA"},"content":{"rendered":"\n<div class=\"wp-block-group alignfull has-accent-4-background-color has-background is-vertical is-content-justification-center is-nowrap is-layout-flex wp-container-core-group-is-layout-2215816d wp-block-group-is-layout-flex\" style=\"min-height:100vh;margin-top:0;margin-bottom:0;padding-top:var(--wp--preset--spacing--50);padding-right:var(--wp--preset--spacing--50);padding-bottom:var(--wp--preset--spacing--50);padding-left:var(--wp--preset--spacing--50)\">\n<div class=\"wp-block-columns alignwide are-vertically-aligned-center is-layout-flex wp-container-core-columns-is-layout-47c06fe3 wp-block-columns-is-layout-flex\">\n<div class=\"wp-block-column is-vertically-aligned-center is-layout-flow wp-block-column-is-layout-flow\" style=\"flex-basis:40%\">\n<div class=\"wp-block-group is-layout-flow wp-container-core-group-is-layout-8f7ed23f wp-block-group-is-layout-flow\" style=\"min-height:100%;margin-top:0;margin-bottom:0;padding-right:0;padding-left:0\">\n<div class=\"wp-block-group has-global-padding is-content-justification-left is-layout-constrained wp-container-core-group-is-layout-0207514c wp-block-group-is-layout-constrained\" style=\"padding-right:0;padding-left:0\">\n<p class=\"wp-container-content-0733e5d0\">Zapewniamy szybki i bezpieczny transport pojazd\u00f3w, maszyn budowlanych oraz innych \u0142adunk\u00f3w specjalistycznych za pomoc\u0105 autolawety oraz naczepy niskopodwoziowej.<\/p>\n\n\n\n<div class=\"wp-block-buttons is-layout-flex wp-block-buttons-is-layout-flex\"><\/div>\n<\/div>\n<\/div>\n<\/div>\n\n\n\n<div class=\"wp-block-column is-vertically-aligned-top is-layout-flow wp-block-column-is-layout-flow\" style=\"flex-basis:60%\">\n<figure class=\"wp-block-image size-full is-resized is-style-rounded is-style-rounded--1\"><img loading=\"lazy\" decoding=\"async\" width=\"275\" height=\"183\" src=\"https:\/\/euro-max.eu\/wp-content\/uploads\/2024\/03\/wyciagarka.jpeg\" alt=\"\" class=\"wp-image-165\" style=\"aspect-ratio:1.3333333333333333;object-fit:cover;width:582px;height:auto\"\/><\/figure>\n<\/div>\n<\/div>\n<\/div>\n","protected":false},"excerpt":{"rendered":"<p>Zapewniamy szybki i bezpieczny transport pojazd\u00f3w, maszyn budowlanych oraz innych \u0142adunk\u00f3w specjalistycznych za pomoc\u0105 autolawety oraz naczepy niskopodwoziowej.<\/p>\n","protected":false},"author":1,"featured_media":0,"parent":0,"menu_order":0,"comment_status":"closed","ping_status":"closed","template":"","meta":{"footnotes":""},"class_list":["post-109","page","type-page","status-publish","hentry"],"_links":{"self":[{"href":"https:\/\/euro-max.eu\/index.php?rest_route=\/wp\/v2\/pages\/109","targetHints":{"allow":["GET"]}}],"collection":[{"href":"https:\/\/euro-max.eu\/index.php?rest_route=\/wp\/v2\/pages"}],"about":[{"href":"https:\/\/euro-max.eu\/index.php?rest_route=\/wp\/v2\/types\/page"}],"author":[{"embeddable":true,"href":"https:\/\/euro-max.eu\/index.php?rest_route=\/wp\/v2\/users\/1"}],"replies":[{"embeddable":true,"href":"https:\/\/euro-max.eu\/index.php?rest_route=%2Fwp%2Fv2%2Fcomments&post=109"}],"version-history":[{"count":6,"href":"https:\/\/euro-max.eu\/index.php?rest_route=\/wp\/v2\/pages\/109\/revisions"}],"predecessor-version":[{"id":347,"href":"https:\/\/euro-max.eu\/index.php?rest_route=\/wp\/v2\/pages\/109\/revisions\/347"}],"wp:attachment":[{"href":"https:\/\/euro-max.eu\/index.php?rest_route=%2Fwp%2Fv2%2Fmedia&parent=109"}],"curies":[{"name":"wp","href":"https:\/\/api.w.org\/{rel}","templated":true}]}}