{"id":111,"date":"2024-03-10T16:59:18","date_gmt":"2024-03-10T15:59:18","guid":{"rendered":"https:\/\/euro-max.eu\/?page_id=111"},"modified":"2024-04-02T13:48:17","modified_gmt":"2024-04-02T11:48:17","slug":"wulkanizacja","status":"publish","type":"page","link":"https:\/\/euro-max.eu\/?page_id=111","title":{"rendered":"WULKANIZACJA"},"content":{"rendered":"\n<div class=\"wp-block-group alignfull has-accent-4-background-color has-background is-vertical is-content-justification-center is-nowrap is-layout-flex wp-container-core-group-is-layout-2215816d wp-block-group-is-layout-flex\" style=\"min-height:100vh;margin-top:0;margin-bottom:0;padding-top:var(--wp--preset--spacing--50);padding-right:var(--wp--preset--spacing--50);padding-bottom:var(--wp--preset--spacing--50);padding-left:var(--wp--preset--spacing--50)\">\n<div class=\"wp-block-columns alignwide are-vertically-aligned-center is-layout-flex wp-container-core-columns-is-layout-47c06fe3 wp-block-columns-is-layout-flex\">\n<div class=\"wp-block-column is-vertically-aligned-center is-layout-flow wp-block-column-is-layout-flow\" style=\"flex-basis:40%\">\n<p>Wymiana i naprawa opon osobowych i ci\u0119\u017carowych<\/p>\n\n\n\n<p>Wymiana i wywa\u017canie k\u00f3\u0142<\/p>\n\n\n\n<p>Magazynowanie i utylizacja opon<\/p>\n\n\n\n<p><strong>Tel.  789 709 429<\/strong><\/p>\n\n\n\n<p><\/p>\n\n\n\n<p><\/p>\n<\/div>\n\n\n\n<div class=\"wp-block-column is-vertically-aligned-top is-layout-flow wp-block-column-is-layout-flow\" style=\"flex-basis:60%\">\n<figure class=\"wp-block-image size-full is-resized is-style-rounded is-style-rounded--1\"><img loading=\"lazy\" decoding=\"async\" width=\"992\" height=\"661\" src=\"https:\/\/euro-max.eu\/wp-content\/uploads\/2024\/03\/kapec.jpg\" alt=\"\" class=\"wp-image-144\" style=\"aspect-ratio:1.3333333333333333;object-fit:cover;width:546px;height:auto\" srcset=\"https:\/\/euro-max.eu\/wp-content\/uploads\/2024\/03\/kapec.jpg 992w, https:\/\/euro-max.eu\/wp-content\/uploads\/2024\/03\/kapec-300x200.jpg 300w, https:\/\/euro-max.eu\/wp-content\/uploads\/2024\/03\/kapec-768x512.jpg 768w\" sizes=\"auto, (max-width: 992px) 100vw, 992px\" \/><\/figure>\n<\/div>\n<\/div>\n<\/div>\n","protected":false},"excerpt":{"rendered":"<p>Wymiana i naprawa opon osobowych i ci\u0119\u017carowych Wymiana i wywa\u017canie k\u00f3\u0142 Magazynowanie i utylizacja opon Tel. 789 709 429<\/p>\n","protected":false},"author":1,"featured_media":0,"parent":0,"menu_order":0,"comment_status":"closed","ping_status":"closed","template":"","meta":{"footnotes":""},"class_list":["post-111","page","type-page","status-publish","hentry"],"_links":{"self":[{"href":"https:\/\/euro-max.eu\/index.php?rest_route=\/wp\/v2\/pages\/111","targetHints":{"allow":["GET"]}}],"collection":[{"href":"https:\/\/euro-max.eu\/index.php?rest_route=\/wp\/v2\/pages"}],"about":[{"href":"https:\/\/euro-max.eu\/index.php?rest_route=\/wp\/v2\/types\/page"}],"author":[{"embeddable":true,"href":"https:\/\/euro-max.eu\/index.php?rest_route=\/wp\/v2\/users\/1"}],"replies":[{"embeddable":true,"href":"https:\/\/euro-max.eu\/index.php?rest_route=%2Fwp%2Fv2%2Fcomments&post=111"}],"version-history":[{"count":7,"href":"https:\/\/euro-max.eu\/index.php?rest_route=\/wp\/v2\/pages\/111\/revisions"}],"predecessor-version":[{"id":345,"href":"https:\/\/euro-max.eu\/index.php?rest_route=\/wp\/v2\/pages\/111\/revisions\/345"}],"wp:attachment":[{"href":"https:\/\/euro-max.eu\/index.php?rest_route=%2Fwp%2Fv2%2Fmedia&parent=111"}],"curies":[{"name":"wp","href":"https:\/\/api.w.org\/{rel}","templated":true}]}}