{"id":114,"date":"2024-03-10T16:59:46","date_gmt":"2024-03-10T15:59:46","guid":{"rendered":"https:\/\/euro-max.eu\/?page_id=114"},"modified":"2024-03-21T19:57:32","modified_gmt":"2024-03-21T18:57:32","slug":"roboty-ziemne","status":"publish","type":"page","link":"https:\/\/euro-max.eu\/?page_id=114","title":{"rendered":"ROBOTY ZIEMNE"},"content":{"rendered":"\n<div class=\"wp-block-group alignfull has-accent-4-background-color has-background is-vertical is-content-justification-center is-nowrap is-layout-flex wp-container-core-group-is-layout-2215816d wp-block-group-is-layout-flex\" style=\"min-height:100vh;margin-top:0;margin-bottom:0;padding-top:var(--wp--preset--spacing--50);padding-right:var(--wp--preset--spacing--50);padding-bottom:var(--wp--preset--spacing--50);padding-left:var(--wp--preset--spacing--50)\">\n<div class=\"wp-block-columns alignwide are-vertically-aligned-center is-layout-flex wp-container-core-columns-is-layout-47c06fe3 wp-block-columns-is-layout-flex\">\n<div class=\"wp-block-column is-vertically-aligned-center is-layout-flow wp-block-column-is-layout-flow\" style=\"flex-basis:40%\">\n<div class=\"wp-block-group is-layout-flow wp-container-core-group-is-layout-8f7ed23f wp-block-group-is-layout-flow\" style=\"min-height:100%;margin-top:0;margin-bottom:0;padding-right:0;padding-left:0\">\n<div class=\"wp-block-group has-global-padding is-content-justification-left is-layout-constrained wp-container-core-group-is-layout-0207514c wp-block-group-is-layout-constrained\" style=\"padding-right:0;padding-left:0\">\n<p class=\"wp-container-content-0733e5d0\">Specjalizujemy si\u0119 w kompleksowych robotach ziemnych, w\u0142\u0105czaj\u0105c w to wykopy, niwelacje terenu oraz prace fundamentowe. Wykorzystujemy nowoczesny sprz\u0119t, aby zapewni\u0107 precyzj\u0119 i efektywno\u015b\u0107 ka\u017cdego projektu. Nasze us\u0142ugi s\u0105 dostosowane do potrzeb zar\u00f3wno ma\u0142ych, jak i du\u017cych inwestycji.<\/p>\n\n\n\n<p><strong>Zakres rob\u00f3t:<\/strong><\/p>\n\n\n\n<ul class=\"wp-block-list\">\n<li>Remont dr\u00f3g gruntowych<\/li>\n\n\n\n<li>Wykopy, nasypy oraz inne roboty ziemne<\/li>\n\n\n\n<li>Przygotowanie terenu pod budow\u0119<\/li>\n\n\n\n<li>Stabilizacja gruntu<\/li>\n\n\n\n<li>Niwelacja, karczowanie i profilowanie terenu<\/li>\n\n\n\n<li>Melioracje i wyw\u00f3z ziemi<\/li>\n\n\n\n<li>Prace \u0142adowark\u0105 teleskopow\u0105 (mo\u017cliwo\u015b\u0107 pracy z koszem)<\/li>\n<\/ul>\n<\/div>\n<\/div>\n<\/div>\n\n\n\n<div class=\"wp-block-column is-vertically-aligned-top is-layout-flow wp-block-column-is-layout-flow\" style=\"flex-basis:60%\">\n<figure class=\"wp-block-image size-full is-style-rounded is-style-rounded--1\"><img loading=\"lazy\" decoding=\"async\" width=\"664\" height=\"443\" src=\"https:\/\/euro-max.eu\/wp-content\/uploads\/2024\/03\/wykop2.jpg\" alt=\"\" class=\"wp-image-149\" style=\"aspect-ratio:4\/3;object-fit:cover\" srcset=\"https:\/\/euro-max.eu\/wp-content\/uploads\/2024\/03\/wykop2.jpg 664w, https:\/\/euro-max.eu\/wp-content\/uploads\/2024\/03\/wykop2-300x200.jpg 300w\" sizes=\"auto, (max-width: 664px) 100vw, 664px\" \/><\/figure>\n<\/div>\n<\/div>\n<\/div>\n","protected":false},"excerpt":{"rendered":"<p>Specjalizujemy si\u0119 w kompleksowych robotach ziemnych, w\u0142\u0105czaj\u0105c w to wykopy, niwelacje terenu oraz prace fundamentowe. Wykorzystujemy nowoczesny sprz\u0119t, aby zapewni\u0107 precyzj\u0119 i efektywno\u015b\u0107 ka\u017cdego projektu. Nasze us\u0142ugi s\u0105 dostosowane do potrzeb zar\u00f3wno ma\u0142ych, jak i du\u017cych inwestycji. Zakres rob\u00f3t:<\/p>\n","protected":false},"author":1,"featured_media":0,"parent":0,"menu_order":0,"comment_status":"closed","ping_status":"closed","template":"","meta":{"footnotes":""},"class_list":["post-114","page","type-page","status-publish","hentry"],"_links":{"self":[{"href":"https:\/\/euro-max.eu\/index.php?rest_route=\/wp\/v2\/pages\/114","targetHints":{"allow":["GET"]}}],"collection":[{"href":"https:\/\/euro-max.eu\/index.php?rest_route=\/wp\/v2\/pages"}],"about":[{"href":"https:\/\/euro-max.eu\/index.php?rest_route=\/wp\/v2\/types\/page"}],"author":[{"embeddable":true,"href":"https:\/\/euro-max.eu\/index.php?rest_route=\/wp\/v2\/users\/1"}],"replies":[{"embeddable":true,"href":"https:\/\/euro-max.eu\/index.php?rest_route=%2Fwp%2Fv2%2Fcomments&post=114"}],"version-history":[{"count":4,"href":"https:\/\/euro-max.eu\/index.php?rest_route=\/wp\/v2\/pages\/114\/revisions"}],"predecessor-version":[{"id":315,"href":"https:\/\/euro-max.eu\/index.php?rest_route=\/wp\/v2\/pages\/114\/revisions\/315"}],"wp:attachment":[{"href":"https:\/\/euro-max.eu\/index.php?rest_route=%2Fwp%2Fv2%2Fmedia&parent=114"}],"curies":[{"name":"wp","href":"https:\/\/api.w.org\/{rel}","templated":true}]}}