{"id":116,"date":"2024-03-10T17:00:18","date_gmt":"2024-03-10T16:00:18","guid":{"rendered":"https:\/\/euro-max.eu\/?page_id=116"},"modified":"2024-04-03T09:31:54","modified_gmt":"2024-04-03T07:31:54","slug":"transport-ciezarowy","status":"publish","type":"page","link":"https:\/\/euro-max.eu\/?page_id=116","title":{"rendered":"TRANSPORT CI\u0118\u017bAROWY"},"content":{"rendered":"\n<div class=\"wp-block-group alignfull has-accent-4-background-color has-background is-vertical is-content-justification-center is-nowrap is-layout-flex wp-container-core-group-is-layout-2215816d wp-block-group-is-layout-flex\" style=\"min-height:100vh;margin-top:0;margin-bottom:0;padding-top:var(--wp--preset--spacing--50);padding-right:var(--wp--preset--spacing--50);padding-bottom:var(--wp--preset--spacing--50);padding-left:var(--wp--preset--spacing--50)\">\n<div class=\"wp-block-columns alignwide are-vertically-aligned-center is-layout-flex wp-container-core-columns-is-layout-47c06fe3 wp-block-columns-is-layout-flex\">\n<div class=\"wp-block-column is-vertically-aligned-center is-layout-flow wp-block-column-is-layout-flow\" style=\"flex-basis:40%\">\n<div class=\"wp-block-group is-layout-flow wp-container-core-group-is-layout-8f7ed23f wp-block-group-is-layout-flow\" style=\"min-height:100%;margin-top:0;margin-bottom:0;padding-right:0;padding-left:0\">\n<div class=\"wp-block-group has-global-padding is-content-justification-left is-layout-constrained wp-container-core-group-is-layout-0207514c wp-block-group-is-layout-constrained\" style=\"padding-right:0;padding-left:0\">\n<p class=\"wp-container-content-0733e5d0\">Oferujemy profesjonalne us\u0142ugi transportu ci\u0119\u017carowego na terenie kraju. <\/p>\n\n\n\n<p class=\"wp-container-content-0733e5d0\">Dysponujemy flot\u0105 pojazd\u00f3w ci\u0119\u017carowych, gotowych do przewozu r\u00f3\u017cnorodnych \u0142adunk\u00f3w. <\/p>\n\n\n\n<div class=\"wp-block-buttons is-layout-flex wp-block-buttons-is-layout-flex\"><\/div>\n<\/div>\n<\/div>\n<\/div>\n\n\n\n<div class=\"wp-block-column is-vertically-aligned-top is-layout-flow wp-block-column-is-layout-flow\" style=\"flex-basis:60%\">\n<figure class=\"wp-block-image size-full is-resized is-style-rounded is-style-rounded--1\"><img loading=\"lazy\" decoding=\"async\" width=\"290\" height=\"174\" src=\"https:\/\/euro-max.eu\/wp-content\/uploads\/2024\/03\/kruszywo.jpeg\" alt=\"\" class=\"wp-image-152\" style=\"aspect-ratio:1.3333333333333333;object-fit:cover;width:551px;height:auto\"\/><\/figure>\n<\/div>\n<\/div>\n<\/div>\n","protected":false},"excerpt":{"rendered":"<p>Oferujemy profesjonalne us\u0142ugi transportu ci\u0119\u017carowego na terenie kraju. Dysponujemy flot\u0105 pojazd\u00f3w ci\u0119\u017carowych, gotowych do przewozu r\u00f3\u017cnorodnych \u0142adunk\u00f3w.<\/p>\n","protected":false},"author":1,"featured_media":0,"parent":0,"menu_order":0,"comment_status":"closed","ping_status":"closed","template":"","meta":{"footnotes":""},"class_list":["post-116","page","type-page","status-publish","hentry"],"_links":{"self":[{"href":"https:\/\/euro-max.eu\/index.php?rest_route=\/wp\/v2\/pages\/116","targetHints":{"allow":["GET"]}}],"collection":[{"href":"https:\/\/euro-max.eu\/index.php?rest_route=\/wp\/v2\/pages"}],"about":[{"href":"https:\/\/euro-max.eu\/index.php?rest_route=\/wp\/v2\/types\/page"}],"author":[{"embeddable":true,"href":"https:\/\/euro-max.eu\/index.php?rest_route=\/wp\/v2\/users\/1"}],"replies":[{"embeddable":true,"href":"https:\/\/euro-max.eu\/index.php?rest_route=%2Fwp%2Fv2%2Fcomments&post=116"}],"version-history":[{"count":5,"href":"https:\/\/euro-max.eu\/index.php?rest_route=\/wp\/v2\/pages\/116\/revisions"}],"predecessor-version":[{"id":349,"href":"https:\/\/euro-max.eu\/index.php?rest_route=\/wp\/v2\/pages\/116\/revisions\/349"}],"wp:attachment":[{"href":"https:\/\/euro-max.eu\/index.php?rest_route=%2Fwp%2Fv2%2Fmedia&parent=116"}],"curies":[{"name":"wp","href":"https:\/\/api.w.org\/{rel}","templated":true}]}}