{"id":20,"date":"2024-03-09T17:14:49","date_gmt":"2024-03-09T16:14:49","guid":{"rendered":"http:\/\/euro-max.eu\/?page_id=20"},"modified":"2024-04-02T12:53:52","modified_gmt":"2024-04-02T10:53:52","slug":"serwis","status":"publish","type":"page","link":"https:\/\/euro-max.eu\/?page_id=20","title":{"rendered":"KLIMATYZACJA"},"content":{"rendered":"\n<div class=\"wp-block-group alignfull has-accent-4-background-color has-background is-vertical is-content-justification-center is-nowrap is-layout-flex wp-container-core-group-is-layout-2215816d wp-block-group-is-layout-flex\" style=\"min-height:100vh;margin-top:0;margin-bottom:0;padding-top:var(--wp--preset--spacing--50);padding-right:var(--wp--preset--spacing--50);padding-bottom:var(--wp--preset--spacing--50);padding-left:var(--wp--preset--spacing--50)\">\n<div class=\"wp-block-columns alignwide are-vertically-aligned-center is-layout-flex wp-container-core-columns-is-layout-47c06fe3 wp-block-columns-is-layout-flex\">\n<div class=\"wp-block-column is-vertically-aligned-center is-layout-flow wp-block-column-is-layout-flow\" style=\"flex-basis:40%\">\n<div class=\"wp-block-group is-layout-flow wp-container-core-group-is-layout-8f7ed23f wp-block-group-is-layout-flow\" style=\"min-height:100%;margin-top:0;margin-bottom:0;padding-right:0;padding-left:0\">\n<div class=\"wp-block-group has-global-padding is-content-justification-left is-layout-constrained wp-container-core-group-is-layout-0207514c wp-block-group-is-layout-constrained\" style=\"padding-right:0;padding-left:0\">\n<p class=\"wp-container-content-0733e5d0\"><strong>Serwis i naprawa klimatyzacji:<\/strong><\/p>\n\n\n\n<ul class=\"wp-block-list\">\n<li>Nape\u0142nianie<\/li>\n<\/ul>\n\n\n\n<ul class=\"wp-block-list\">\n<li>Odgrzybianie<\/li>\n<\/ul>\n\n\n\n<ul class=\"wp-block-list\">\n<li>Ozonowanie<\/li>\n<\/ul>\n\n\n\n<p class=\"wp-container-content-0733e5d0\">Dysponujemy sprz\u0119tem do diagnostyki oraz nape\u0142niania klimatyzacji na stacjach diagnostycznych w <strong>Jonkowie<\/strong> i <strong>Mi\u0142akowie<\/strong><\/p>\n\n\n\n<div class=\"wp-block-buttons is-layout-flex wp-block-buttons-is-layout-flex\"><\/div>\n<\/div>\n<\/div>\n<\/div>\n\n\n\n<div class=\"wp-block-column is-vertically-aligned-top is-layout-flow wp-block-column-is-layout-flow\" style=\"flex-basis:60%\">\n<figure class=\"wp-block-image size-full is-style-rounded is-style-rounded--1\"><img loading=\"lazy\" decoding=\"async\" width=\"612\" height=\"408\" src=\"https:\/\/euro-max.eu\/wp-content\/uploads\/2024\/03\/klima-foto-2.jpg\" alt=\"\" class=\"wp-image-95\" style=\"aspect-ratio:4\/3;object-fit:cover\" srcset=\"https:\/\/euro-max.eu\/wp-content\/uploads\/2024\/03\/klima-foto-2.jpg 612w, https:\/\/euro-max.eu\/wp-content\/uploads\/2024\/03\/klima-foto-2-300x200.jpg 300w\" sizes=\"auto, (max-width: 612px) 100vw, 612px\" \/><\/figure>\n<\/div>\n<\/div>\n<\/div>\n","protected":false},"excerpt":{"rendered":"<p>Serwis i naprawa klimatyzacji: Dysponujemy sprz\u0119tem do diagnostyki oraz nape\u0142niania klimatyzacji na stacjach diagnostycznych w Jonkowie i Mi\u0142akowie<\/p>\n","protected":false},"author":1,"featured_media":0,"parent":0,"menu_order":0,"comment_status":"closed","ping_status":"closed","template":"","meta":{"footnotes":""},"class_list":["post-20","page","type-page","status-publish","hentry"],"_links":{"self":[{"href":"https:\/\/euro-max.eu\/index.php?rest_route=\/wp\/v2\/pages\/20","targetHints":{"allow":["GET"]}}],"collection":[{"href":"https:\/\/euro-max.eu\/index.php?rest_route=\/wp\/v2\/pages"}],"about":[{"href":"https:\/\/euro-max.eu\/index.php?rest_route=\/wp\/v2\/types\/page"}],"author":[{"embeddable":true,"href":"https:\/\/euro-max.eu\/index.php?rest_route=\/wp\/v2\/users\/1"}],"replies":[{"embeddable":true,"href":"https:\/\/euro-max.eu\/index.php?rest_route=%2Fwp%2Fv2%2Fcomments&post=20"}],"version-history":[{"count":7,"href":"https:\/\/euro-max.eu\/index.php?rest_route=\/wp\/v2\/pages\/20\/revisions"}],"predecessor-version":[{"id":343,"href":"https:\/\/euro-max.eu\/index.php?rest_route=\/wp\/v2\/pages\/20\/revisions\/343"}],"wp:attachment":[{"href":"https:\/\/euro-max.eu\/index.php?rest_route=%2Fwp%2Fv2%2Fmedia&parent=20"}],"curies":[{"name":"wp","href":"https:\/\/api.w.org\/{rel}","templated":true}]}}