{"id":99,"date":"2024-03-10T16:48:06","date_gmt":"2024-03-10T15:48:06","guid":{"rendered":"https:\/\/euro-max.eu\/?page_id=99"},"modified":"2024-04-02T12:13:49","modified_gmt":"2024-04-02T10:13:49","slug":"milakowo","status":"publish","type":"page","link":"https:\/\/euro-max.eu\/?page_id=99","title":{"rendered":"OSKP MI\u0141AKOWO"},"content":{"rendered":"\n<div class=\"wp-block-group alignfull has-accent-4-background-color has-background is-vertical is-content-justification-center is-nowrap is-layout-flex wp-container-core-group-is-layout-2215816d wp-block-group-is-layout-flex\" style=\"min-height:100vh;margin-top:0;margin-bottom:0;padding-top:var(--wp--preset--spacing--50);padding-right:var(--wp--preset--spacing--50);padding-bottom:var(--wp--preset--spacing--50);padding-left:var(--wp--preset--spacing--50)\">\n<div class=\"wp-block-columns alignwide are-vertically-aligned-center is-layout-flex wp-container-core-columns-is-layout-47c06fe3 wp-block-columns-is-layout-flex\">\n<div class=\"wp-block-column is-vertically-aligned-center is-layout-flow wp-block-column-is-layout-flow\" style=\"flex-basis:40%\">\n<div class=\"wp-block-group is-layout-flow wp-container-core-group-is-layout-8f7ed23f wp-block-group-is-layout-flow\" style=\"min-height:100%;margin-top:0;margin-bottom:0;padding-right:0;padding-left:0\">\n<div class=\"wp-block-group has-global-padding is-content-justification-left is-layout-constrained wp-container-core-group-is-layout-1ad27c61 wp-block-group-is-layout-constrained\" style=\"padding-right:0;padding-left:0;letter-spacing:1px;line-height:1\">\n<p class=\"has-text-align-right\"><strong>Okr\u0119gowa Stacja Kontroli Pojazd\u00f3w<\/strong><\/p>\n\n\n\n<p class=\"has-text-align-right\"><strong>Mi\u0142akowo<\/strong>                                            <strong>ul. Przemys\u0142owa 6<\/strong><\/p>\n\n\n\n<p class=\"has-text-align-right\"><strong>Tel.  502324173<\/strong><\/p>\n\n\n\n<p class=\"has-text-align-right\" style=\"padding-top:0;padding-bottom:0;font-size:clamp(14px, 0.875rem + ((1vw - 3.2px) * 0.313), 17px);font-style:normal;font-weight:100;letter-spacing:1px;line-height:1.4;text-transform:none\"><strong>Godziny otwarcia:<\/strong><br>Poniedzia\u0142ek 8:00-17:00<br>Wtorek 8:00-17:00<br>\u015aroda 8:00-17:00<br>Czwartek 8:00-17:00<br>Pi\u0105tek 8:00-17:00<br>Sobota 9:00-14:00<\/p>\n<\/div>\n<\/div>\n<\/div>\n\n\n\n<div class=\"wp-block-column is-vertically-aligned-top has-global-padding is-layout-constrained wp-block-column-is-layout-constrained\" style=\"flex-basis:60%\">\n<figure class=\"wp-block-image size-full is-style-rounded is-style-rounded--1\"><img loading=\"lazy\" decoding=\"async\" width=\"843\" height=\"951\" src=\"https:\/\/euro-max.eu\/wp-content\/uploads\/2024\/03\/22496045_2150260571658194_2608330580518134276_o.jpg\" alt=\"\" class=\"wp-image-175\" style=\"aspect-ratio:3\/4;object-fit:cover\" srcset=\"https:\/\/euro-max.eu\/wp-content\/uploads\/2024\/03\/22496045_2150260571658194_2608330580518134276_o.jpg 843w, https:\/\/euro-max.eu\/wp-content\/uploads\/2024\/03\/22496045_2150260571658194_2608330580518134276_o-266x300.jpg 266w, https:\/\/euro-max.eu\/wp-content\/uploads\/2024\/03\/22496045_2150260571658194_2608330580518134276_o-768x866.jpg 768w\" sizes=\"auto, (max-width: 843px) 100vw, 843px\" \/><\/figure>\n<\/div>\n<\/div>\n<\/div>\n\n\n\n<figure class=\"wp-block-image alignwide size-large\"><a href=\"https:\/\/www.google.com\/maps\/place\/Okr%C4%99gowa+Stacja+Kontroli+Pojazd%C3%B3w+Mi%C5%82akowo+Euro+-Max+Maciej+Tomasz+OSKP\/@54.0055873,20.0798131,218m\/data=!3m1!1e3!4m15!1m8!3m7!1s0x46e2972f229eb711:0x87a04ba78c44cc40!2zTWnFgmFrb3dv!3b1!8m2!3d54.0085653!4d20.0706038!16s%2Fm%2F02pk7cg!3m5!1s0x46e297317cddd3eb:0x5ba2cb03cbbcfc3!8m2!3d54.0057943!4d20.0793026!16s%2Fg%2F1hc3pw0mv?authuser=0&amp;entry=ttu\" target=\"_blank\" rel=\"noreferrer noopener\"><img loading=\"lazy\" decoding=\"async\" width=\"1024\" height=\"201\" src=\"https:\/\/euro-max.eu\/wp-content\/uploads\/2024\/03\/MIlakowo-OSKP-1024x201.jpg\" alt=\"\" class=\"wp-image-280\" srcset=\"https:\/\/euro-max.eu\/wp-content\/uploads\/2024\/03\/MIlakowo-OSKP-1024x201.jpg 1024w, https:\/\/euro-max.eu\/wp-content\/uploads\/2024\/03\/MIlakowo-OSKP-300x59.jpg 300w, https:\/\/euro-max.eu\/wp-content\/uploads\/2024\/03\/MIlakowo-OSKP-768x151.jpg 768w, https:\/\/euro-max.eu\/wp-content\/uploads\/2024\/03\/MIlakowo-OSKP-1536x301.jpg 1536w, https:\/\/euro-max.eu\/wp-content\/uploads\/2024\/03\/MIlakowo-OSKP.jpg 1719w\" sizes=\"auto, (max-width: 1024px) 100vw, 1024px\" \/><\/a><\/figure>\n","protected":false},"excerpt":{"rendered":"<p>Okr\u0119gowa Stacja Kontroli Pojazd\u00f3w Mi\u0142akowo ul. Przemys\u0142owa 6 Tel. 502324173 Godziny otwarcia:Poniedzia\u0142ek 8:00-17:00Wtorek 8:00-17:00\u015aroda 8:00-17:00Czwartek 8:00-17:00Pi\u0105tek 8:00-17:00Sobota 9:00-14:00<\/p>\n","protected":false},"author":1,"featured_media":0,"parent":0,"menu_order":0,"comment_status":"closed","ping_status":"closed","template":"","meta":{"footnotes":""},"class_list":["post-99","page","type-page","status-publish","hentry"],"_links":{"self":[{"href":"https:\/\/euro-max.eu\/index.php?rest_route=\/wp\/v2\/pages\/99","targetHints":{"allow":["GET"]}}],"collection":[{"href":"https:\/\/euro-max.eu\/index.php?rest_route=\/wp\/v2\/pages"}],"about":[{"href":"https:\/\/euro-max.eu\/index.php?rest_route=\/wp\/v2\/types\/page"}],"author":[{"embeddable":true,"href":"https:\/\/euro-max.eu\/index.php?rest_route=\/wp\/v2\/users\/1"}],"replies":[{"embeddable":true,"href":"https:\/\/euro-max.eu\/index.php?rest_route=%2Fwp%2Fv2%2Fcomments&post=99"}],"version-history":[{"count":8,"href":"https:\/\/euro-max.eu\/index.php?rest_route=\/wp\/v2\/pages\/99\/revisions"}],"predecessor-version":[{"id":340,"href":"https:\/\/euro-max.eu\/index.php?rest_route=\/wp\/v2\/pages\/99\/revisions\/340"}],"wp:attachment":[{"href":"https:\/\/euro-max.eu\/index.php?rest_route=%2Fwp%2Fv2%2Fmedia&parent=99"}],"curies":[{"name":"wp","href":"https:\/\/api.w.org\/{rel}","templated":true}]}}